{"id":61,"date":"2021-01-05T11:08:22","date_gmt":"2021-01-05T10:08:22","guid":{"rendered":"https:\/\/www.mielisenzaconfini.it\/?page_id=61"},"modified":"2021-01-05T11:54:47","modified_gmt":"2021-01-05T10:54:47","slug":"finalit","status":"publish","type":"page","link":"https:\/\/www.mielisenzaconfini.it\/?page_id=61","title":{"rendered":"Finalit&agrave;"},"content":{"rendered":"\n<p>Le finalit\u00e0 del Consorzio, come recita letteralmente lo statuto del 1951, e quello del Consorzio Apicoltori Gorizia &#8211; FVG del 2018, rimangono fondamentalmente le stesse anche oggi:<\/p>\n\n\n\n<ul><li>difendere l&#8217;apicoltura della provincia dalle malattie, in specie dalla peste americana ed europea della covata, con tutti i mezzi preventivi e curativi atti a prevenire il diffondersi delle malattie;<\/li><li>difendere i diritti dei singoli possessori di alveari, sia per la distanza come per qualsiasi divergenza di fronte a terzi o di fronte al fisco;<\/li><li>incrementare l&#8217;apicoltura portando ovunque un contributo tecnico per la propaganda della coltura razionale dell&#8217;ape.<\/li><\/ul>\n\n\n\n<p>Attualmente per\u00f2 gli obiettivi e la \u201cmission\u201d del Consorzio sono un po&#8217; pi\u00f9 ambiziosi e cio\u00e8 trasformare il settore apistico locale in un piccolo comparto produttivo che possa essere una proposta interessante per i giovani e meno giovani che hanno voglia di cimentarsi in un\u2019attivit\u00e0 imprenditoriale tanto importante per la salvaguardia della natura.<\/p>\n\n\n\n<p>Questa \u00e8 l\u2019idea che in questi ultimi anni ha permesso di aggregare vecchi e nuovi apicoltori con in comune la passione delle api. Il percorso intrapreso in questi ultimi anni, con le difficolt\u00e0 e le soddisfazioni che ha riservato, ha fornito motivazione e slancio per sempre nuove iniziative. Il Consorzio, bench\u00e8 piccolo e di fronte a molte difficolt\u00e0, continuer\u00e0 a svolgere il suo compito quale catalizzatore di esperienze, promotore di iniziative per la valorizzazione del territorio, cos\u00ec particolare, e dei prodotti dell\u2019 alveare.<br>La professionalit\u00e0 e la dedizione che gli apicoltori profondono per ottenere un prodotto di alta qualit\u00e0 fa loro meritare i giusti riconoscimenti che costantemente il loro miele ottiene nei diversi concorsi nazionali ed esteri.<br>I nostri progetti nascono e si realizzano per creare e fornire servizi a chi opera nel settore o vuole avviarsi a questa attivit\u00e0. Cerchiamo di creare le favorevoli condizioni di sviluppo per le piccole realt\u00e0 imprenditoriali ed avvicinare i giovani e i meno giovani ad un settore che appassiona e pu\u00f2 divenire un&#8217;attivit\u00e0 o un\u2019interessante integrazione economica.<br>Fra i nostri obiettivi ricordiamo la valorizzazione del prodotto e la salvaguardia della qualit\u00e0, nonch\u00e9 il suo forte collegamento con il territorio.<br>Noi non dobbiamo vendere semplicemente miele ma un pezzo di Carso, di Collio, di Laguna, di Isonzo e della sua cultura, della sua specificit\u00e0 e quindi massima deve essere la cura della qualit\u00e0 del prodotto.<\/p>\n\n\n\n<p class=\"has-text-align-right\"><strong>Il Presidente Pier Antonio Belletti<\/strong><\/p>\n","protected":false},"excerpt":{"rendered":"<p>Le finalit\u00e0 del Consorzio, come recita letteralmente lo statuto del 1951, e quello del Consorzio Apicoltori Gorizia &#8211; FVG del 2018, rimangono fondamentalmente le stesse anche oggi: difendere l&#8217;apicoltura della provincia dalle malattie, in specie dalla peste americana ed europea della covata, con tutti i mezzi preventivi e curativi atti a prevenire il diffondersi delle [&hellip;]<\/p>\n","protected":false},"author":1,"featured_media":0,"parent":11,"menu_order":0,"comment_status":"closed","ping_status":"closed","template":"template\/fullwidth.php","meta":[],"_links":{"self":[{"href":"https:\/\/www.mielisenzaconfini.it\/index.php?rest_route=\/wp\/v2\/pages\/61"}],"collection":[{"href":"https:\/\/www.mielisenzaconfini.it\/index.php?rest_route=\/wp\/v2\/pages"}],"about":[{"href":"https:\/\/www.mielisenzaconfini.it\/index.php?rest_route=\/wp\/v2\/types\/page"}],"author":[{"embeddable":true,"href":"https:\/\/www.mielisenzaconfini.it\/index.php?rest_route=\/wp\/v2\/users\/1"}],"replies":[{"embeddable":true,"href":"https:\/\/www.mielisenzaconfini.it\/index.php?rest_route=%2Fwp%2Fv2%2Fcomments&post=61"}],"version-history":[{"count":1,"href":"https:\/\/www.mielisenzaconfini.it\/index.php?rest_route=\/wp\/v2\/pages\/61\/revisions"}],"predecessor-version":[{"id":62,"href":"https:\/\/www.mielisenzaconfini.it\/index.php?rest_route=\/wp\/v2\/pages\/61\/revisions\/62"}],"up":[{"embeddable":true,"href":"https:\/\/www.mielisenzaconfini.it\/index.php?rest_route=\/wp\/v2\/pages\/11"}],"wp:attachment":[{"href":"https:\/\/www.mielisenzaconfini.it\/index.php?rest_route=%2Fwp%2Fv2%2Fmedia&parent=61"}],"curies":[{"name":"wp","href":"https:\/\/api.w.org\/{rel}","templated":true}]}}